{"id":3680,"date":"2023-07-21T14:08:22","date_gmt":"2023-07-21T14:08:22","guid":{"rendered":"https:\/\/cms.koukkudigital.fi\/kyronlahden-porakaivo\/?page_id=3680"},"modified":"2025-08-25T06:21:48","modified_gmt":"2025-08-25T06:21:48","slug":"drill-well-purchase","status":"publish","type":"page","link":"https:\/\/kyronlahdenporakaivo.fi\/en\/drill-well-purchase\/","title":{"rendered":"Drill well purchase"},"content":{"rendered":"\t\t<div data-elementor-type=\"wp-page\" data-elementor-id=\"3680\" class=\"elementor elementor-3680\">\n\t\t\t\t\t\t<section class=\"elementor-section elementor-top-section elementor-element elementor-element-180931d0 elementor-section-full_width elementor-section-height-min-height elementor-section-height-default elementor-section-items-middle\" data-id=\"180931d0\" data-element_type=\"section\" data-settings=\"{&quot;background_background&quot;:&quot;classic&quot;}\">\n\t\t\t\t\t\t\t<div class=\"elementor-background-overlay\"><\/div>\n\t\t\t\t\t\t\t<div class=\"elementor-container elementor-column-gap-default\">\n\t\t\t\t\t<div class=\"elementor-column elementor-col-100 elementor-top-column elementor-element elementor-element-6efed58d\" data-id=\"6efed58d\" data-element_type=\"column\" data-settings=\"{&quot;background_background&quot;:&quot;classic&quot;}\">\n\t\t\t<div class=\"elementor-widget-wrap elementor-element-populated\">\n\t\t\t\t\t<div class=\"elementor-background-overlay\"><\/div>\n\t\t\t\t\t\t<section class=\"elementor-section elementor-inner-section elementor-element elementor-element-5b8aa758 elementor-section-boxed elementor-section-height-default elementor-section-height-default\" data-id=\"5b8aa758\" data-element_type=\"section\">\n\t\t\t\t\t\t<div class=\"elementor-container elementor-column-gap-default\">\n\t\t\t\t\t<div class=\"elementor-column elementor-col-100 elementor-inner-column elementor-element elementor-element-3d001202\" data-id=\"3d001202\" data-element_type=\"column\">\n\t\t\t<div class=\"elementor-widget-wrap elementor-element-populated\">\n\t\t\t\t\t\t<div class=\"elementor-element elementor-element-6cfb0424 elementor-widget elementor-widget-heading\" data-id=\"6cfb0424\" data-element_type=\"widget\" data-widget_type=\"heading.default\">\n\t\t\t\t<div class=\"elementor-widget-container\">\n\t\t\t\t\t<h2 class=\"elementor-heading-title elementor-size-default\">Drill well purchase<\/h2>\t\t\t\t<\/div>\n\t\t\t\t<\/div>\n\t\t\t\t\t<\/div>\n\t\t<\/div>\n\t\t\t\t\t<\/div>\n\t\t<\/section>\n\t\t\t\t\t<\/div>\n\t\t<\/div>\n\t\t\t\t\t<\/div>\n\t\t<\/section>\n\t\t\t\t<section class=\"elementor-section elementor-top-section elementor-element elementor-element-3c00307e elementor-section-full_width elementor-section-height-default elementor-section-height-default\" data-id=\"3c00307e\" data-element_type=\"section\">\n\t\t\t\t\t\t<div class=\"elementor-container elementor-column-gap-default\">\n\t\t\t\t\t<div class=\"elementor-column elementor-col-100 elementor-top-column elementor-element elementor-element-1adbc7a4\" data-id=\"1adbc7a4\" data-element_type=\"column\">\n\t\t\t<div class=\"elementor-widget-wrap elementor-element-populated\">\n\t\t\t\t\t\t<section class=\"elementor-section elementor-inner-section elementor-element elementor-element-6141678c elementor-section-boxed elementor-section-height-default elementor-section-height-default\" data-id=\"6141678c\" data-element_type=\"section\" data-settings=\"{&quot;background_background&quot;:&quot;classic&quot;}\">\n\t\t\t\t\t\t<div class=\"elementor-container elementor-column-gap-default\">\n\t\t\t\t\t<div class=\"elementor-column elementor-col-100 elementor-inner-column elementor-element elementor-element-53d3eb86\" data-id=\"53d3eb86\" data-element_type=\"column\" data-settings=\"{&quot;background_background&quot;:&quot;classic&quot;}\">\n\t\t\t<div class=\"elementor-widget-wrap elementor-element-populated\">\n\t\t\t\t\t\t<div class=\"elementor-element elementor-element-14a72e05 elementor-widget elementor-widget-image\" data-id=\"14a72e05\" data-element_type=\"widget\" data-widget_type=\"image.default\">\n\t\t\t\t<div class=\"elementor-widget-container\">\n\t\t\t\t\t\t\t\t\t\t\t\t\t\t\t<img fetchpriority=\"high\" decoding=\"async\" width=\"1920\" height=\"530\" src=\"https:\/\/kyronlahdenporakaivo.fi\/en\/wp-content\/uploads\/2025\/08\/borewell-purchase.jpg\" class=\"attachment-full size-full wp-image-4410\" alt=\"borewell-purchase\" srcset=\"https:\/\/kyronlahdenporakaivo.fi\/en\/wp-content\/uploads\/2025\/08\/borewell-purchase.jpg 1920w, https:\/\/kyronlahdenporakaivo.fi\/en\/wp-content\/uploads\/2025\/08\/borewell-purchase-300x83.jpg 300w, https:\/\/kyronlahdenporakaivo.fi\/en\/wp-content\/uploads\/2025\/08\/borewell-purchase-1024x283.jpg 1024w, https:\/\/kyronlahdenporakaivo.fi\/en\/wp-content\/uploads\/2025\/08\/borewell-purchase-768x212.jpg 768w, https:\/\/kyronlahdenporakaivo.fi\/en\/wp-content\/uploads\/2025\/08\/borewell-purchase-1536x424.jpg 1536w, https:\/\/kyronlahdenporakaivo.fi\/en\/wp-content\/uploads\/2025\/08\/borewell-purchase-624x172.jpg 624w\" sizes=\"(max-width: 1920px) 100vw, 1920px\" \/>\t\t\t\t\t\t\t\t\t\t\t\t\t\t\t<\/div>\n\t\t\t\t<\/div>\n\t\t\t\t<div class=\"elementor-element elementor-element-4518ea9 elementor-widget elementor-widget-text-editor\" data-id=\"4518ea9\" data-element_type=\"widget\" data-widget_type=\"text-editor.default\">\n\t\t\t\t<div class=\"elementor-widget-container\">\n\t\t\t\t\t\t\t\t\t<h2><span data-teams=\"true\">Drill well<\/span>\u00a0Contracting<\/h2><p>Purchasing a borewell starts with a phone call. When you call us, we will go over the basics of your property together.<\/p><p>Before the actual offer, our professional almost always visits the site &#8211; and ensures that all stages of the drilling contract are successful according to the offer. The visit is free of charge.<\/p><p>After the offer is accepted, drilling is carried out at the agreed time. After drilling, the scheduling of possible pressure splitting and cleaning pumping, etc. will be agreed in more detail.<\/p><p>After that, we will also take care of the installation of the water system parts that were agreed during the offer phase. However, if the customer makes or has part of the system made by themselves (e.g. installation of a pressure tank) &#8211; we are always just a phone call away and will be happy to advise.<\/p>\t\t\t\t\t\t\t\t<\/div>\n\t\t\t\t<\/div>\n\t\t\t\t\t<\/div>\n\t\t<\/div>\n\t\t\t\t\t<\/div>\n\t\t<\/section>\n\t\t\t\t\t<\/div>\n\t\t<\/div>\n\t\t\t\t\t<\/div>\n\t\t<\/section>\n\t\t\t\t<section class=\"elementor-section elementor-top-section elementor-element elementor-element-8c4fb0d elementor-section-boxed elementor-section-height-default elementor-section-height-default\" data-id=\"8c4fb0d\" data-element_type=\"section\">\n\t\t\t\t\t\t<div class=\"elementor-container elementor-column-gap-default\">\n\t\t\t\t\t<div class=\"elementor-column elementor-col-100 elementor-top-column elementor-element elementor-element-a779dd7\" data-id=\"a779dd7\" data-element_type=\"column\">\n\t\t\t<div class=\"elementor-widget-wrap elementor-element-populated\">\n\t\t\t\t\t\t<div class=\"elementor-element elementor-element-9ee557d elementor-widget elementor-widget-html\" data-id=\"9ee557d\" data-element_type=\"widget\" data-widget_type=\"html.default\">\n\t\t\t\t<div class=\"elementor-widget-container\">\n\t\t\t\t\t<script defer async src='https:\/\/cdn.trustindex.io\/loader.js?03a4fe744e8b847169269ad574b'><\/script>\t\t\t\t<\/div>\n\t\t\t\t<\/div>\n\t\t\t\t\t<\/div>\n\t\t<\/div>\n\t\t\t\t\t<\/div>\n\t\t<\/section>\n\t\t\t\t<section class=\"elementor-section elementor-top-section elementor-element elementor-element-0411b8a elementor-section-boxed elementor-section-height-default elementor-section-height-default\" data-id=\"0411b8a\" data-element_type=\"section\">\n\t\t\t\t\t\t<div class=\"elementor-container elementor-column-gap-default\">\n\t\t\t\t\t<div class=\"elementor-column elementor-col-100 elementor-top-column elementor-element elementor-element-2030e47\" data-id=\"2030e47\" data-element_type=\"column\">\n\t\t\t<div class=\"elementor-widget-wrap elementor-element-populated\">\n\t\t\t\t\t\t<div class=\"elementor-element elementor-element-0470aa8 elementor-widget-divider--view-line elementor-widget elementor-widget-divider\" data-id=\"0470aa8\" data-element_type=\"widget\" data-widget_type=\"divider.default\">\n\t\t\t\t<div class=\"elementor-widget-container\">\n\t\t\t\t\t\t\t<div class=\"elementor-divider\">\n\t\t\t<span class=\"elementor-divider-separator\">\n\t\t\t\t\t\t<\/span>\n\t\t<\/div>\n\t\t\t\t\t\t<\/div>\n\t\t\t\t<\/div>\n\t\t\t\t\t<\/div>\n\t\t<\/div>\n\t\t\t\t\t<\/div>\n\t\t<\/section>\n\t\t\t\t<section class=\"elementor-section elementor-top-section elementor-element elementor-element-3b37d9d elementor-section-boxed elementor-section-height-default elementor-section-height-default\" data-id=\"3b37d9d\" data-element_type=\"section\">\n\t\t\t\t\t\t<div class=\"elementor-container elementor-column-gap-default\">\n\t\t\t\t\t<div class=\"elementor-column elementor-col-100 elementor-top-column elementor-element elementor-element-b053e2f\" data-id=\"b053e2f\" data-element_type=\"column\">\n\t\t\t<div class=\"elementor-widget-wrap elementor-element-populated\">\n\t\t\t\t\t\t<div class=\"elementor-element elementor-element-c9e220d elementor-widget elementor-widget-heading\" data-id=\"c9e220d\" data-element_type=\"widget\" data-widget_type=\"heading.default\">\n\t\t\t\t<div class=\"elementor-widget-container\">\n\t\t\t\t\t<h2 class=\"elementor-heading-title elementor-size-default\">Borewell \u2013 Everything you need to know about purchasing one<\/h2>\t\t\t\t<\/div>\n\t\t\t\t<\/div>\n\t\t\t\t\t<\/div>\n\t\t<\/div>\n\t\t\t\t\t<\/div>\n\t\t<\/section>\n\t\t\t\t<section class=\"elementor-section elementor-top-section elementor-element elementor-element-d3b863b elementor-section-boxed elementor-section-height-default elementor-section-height-default\" data-id=\"d3b863b\" data-element_type=\"section\">\n\t\t\t\t\t\t<div class=\"elementor-container elementor-column-gap-default\">\n\t\t\t\t\t<div class=\"elementor-column elementor-col-100 elementor-top-column elementor-element elementor-element-760d503\" data-id=\"760d503\" data-element_type=\"column\">\n\t\t\t<div class=\"elementor-widget-wrap elementor-element-populated\">\n\t\t\t\t\t\t<div class=\"elementor-element elementor-element-0aec1f3 elementor-widget__width-initial elementor-widget elementor-widget-text-editor\" data-id=\"0aec1f3\" data-element_type=\"widget\" data-widget_type=\"text-editor.default\">\n\t\t\t\t<div class=\"elementor-widget-container\">\n\t\t\t\t\t\t\t\t\t<p><span dir=\"auto\">When you want to ensure reliable water supply for decades to come, a b<span data-teams=\"true\">orewell <\/span>is often the only right solution. It is a modern and reliable way to secure clean water supply in a detached house, farm or cottage. On this page we focus on domestic water wells. If you are looking for information about an energy well used for heating, you will find it on our\u00a0 <\/span><a title=\"Read more about geothermal wells\" href=\"https:\/\/kyronlahdenporakaivo.fi\/maalampo\/\"><span dir=\"auto\">geothermal well<\/span><\/a><span dir=\"auto\"> page . We have drilled hundreds of b<span data-teams=\"true\">orewells <\/span>in Pirkanmaa, so we know the bedrock in the area and know how to carry out the project efficiently and professionally.<\/span><\/p><h3><span dir=\"auto\">A b<span data-teams=\"true\">orewell <\/span>is the best water well.<\/span><\/h3><p><a title=\"Read more about water wells\" href=\"https:\/\/kyronlahdenporakaivo.fi\/vesikaivo\"><span dir=\"auto\">When people talk about a new and reliable water well<\/span><\/a><span dir=\"auto\"> today\u00a0\u00a0, they almost invariably mean a b<span data-teams=\"true\">orewell<\/span>. Unlike an old-fashioned ring well, which is susceptible to fluctuations in surface water, a modern b<span data-teams=\"true\">orewell <\/span>is drilled deep into the rock. It provides clean and consistent groundwater regardless of the season. A properly constructed b<span data-teams=\"true\">orewell <\/span>is practically maintenance-free and lasts from generation to generation, making it by far the best solution for a property&#8217;s water supply.<\/span><\/p><h3><span dir=\"auto\">How is the purchase of a b<span data-teams=\"true\">orewell <\/span>proceeding?<\/span><\/h3><p><span dir=\"auto\">We keep the process as simple as possible for the customer. A typical well drilling project progresses like this:<\/span><\/p><ol><li><strong><span dir=\"auto\">Contact and initial discussion:<\/span><\/strong><span dir=\"auto\">\u00a0\u00a0Call us and we&#8217;ll talk about your needs.<\/span><\/li><li><strong><span dir=\"auto\">Free site inspection:<\/span><\/strong><span dir=\"auto\">\u00a0\u00a0We will come to your site. This is an important step in determining the best location for the well.<\/span><\/li><li><strong><span dir=\"auto\">Clear offer:<\/span><\/strong><span dir=\"auto\">\u00a0\u00a0We will provide you with a reasonable offer based on your review, with no hidden costs.<\/span><\/li><li><strong><span dir=\"auto\">Permit issues:<\/span><\/strong><span dir=\"auto\"> \u00a0Usually, a b<span data-teams=\"true\">orewell <\/span>requires a permit from the municipality. We will advise on this matter and help with the paperwork if necessary.<\/span><\/li><\/ol><h4>\u00a0<\/h4><h4><span dir=\"auto\">The best place for a b<span data-teams=\"true\">orewell <\/span>\u2013 what to consider?<\/span><\/h4><p><span dir=\"auto\">The location of a b<span data-teams=\"true\">orewell <\/span>is not chosen randomly. It should be located far enough away from boundaries, sewage systems and buildings. With our experience, we can find a location that complies with regulations and is easily accessible by drilling equipment. The goal is to find the best location for your b<span data-teams=\"true\">orewell<\/span>.<\/span><\/p><h3><span dir=\"auto\">Drilling a b<span data-teams=\"true\">orewell <\/span>yourself \u2013 how is it done?<\/span><\/h3><p><span dir=\"auto\">Once the permits are in place, we arrange a drilling time. We arrive at the site with our equipment, which does not require a lot of space. Drilling itself is an efficient procedure. We drill through the layers of soil into the rock and continue until we find a sufficient water vein. Usually, a well for a detached house is ready in a day or two.<\/span><\/p><h3><span dir=\"auto\">Drilling well for a cottage in Pirkanmaa<\/span><\/h3><p><span dir=\"auto\">Access to clean water is a lifeline for a cottage, and a b<span data-teams=\"true\">orewell <\/span>is the best way to ensure it reliably. Whether your cottage is near <\/span><b><span dir=\"auto\">Tampere<\/span><\/b><span dir=\"auto\">\u00a0,\u00a0<\/span><b><span dir=\"auto\">Nokia<\/span><\/b><span dir=\"auto\">\u00a0,\u00a0<\/span><b><span dir=\"auto\">Lemp\u00e4\u00e4l\u00e4<\/span><\/b><span dir=\"auto\">\u00a0,\u00a0<\/span><b><span dir=\"auto\">Kangasala<\/span><\/b><span dir=\"auto\">\u00a0or\u00a0<\/span><b><span dir=\"auto\">Pirkkala<\/span><\/b><span dir=\"auto\"> , our experts know the bedrock of the Pirkanmaa region and how to build a b<span data-teams=\"true\">orewell <\/span>for a cottage. We make b<span data-teams=\"true\">orewells <\/span>for cottages that will serve you for decades. Avoid fluctuations in surface water and dependence on rainfall, the b<span data-teams=\"true\">orewell <\/span>is drilled deep into the rock, which provides consistent and clean water all year round. We will help you through the entire process, from the permit papers to the finished water system.<\/span><\/p><h3><span dir=\"auto\"><span data-teams=\"true\">Borewell<\/span>\u00a0depth and price<\/span><\/h3><p><span dir=\"auto\">We often ask how deep a well is needed and what it will ultimately cost. The depth depends entirely on how deep the abundant water vein is in the rock. On average, drilling depths are between 80 and 160 meters.<\/span><\/p><h4><span dir=\"auto\">What determines the price of a drilled well?<\/span><\/h4><p><span dir=\"auto\">The price is based on the number of meters drilled. In addition to the drilling distance, the total price is also affected by underground piping, accessories and possible equipment installations (pump, pressure tank). We always provide a clear breakdown of the costs. It is good to remember that a high-quality well is a long-term investment, not just an expense.<\/span><\/p><h3><span dir=\"auto\">Well equipment and finishing<\/span><\/h3><p><span dir=\"auto\">A b<span data-teams=\"true\">orewell <\/span>can become a functioning b<span data-teams=\"true\">orewell <\/span>when it is properly equipped. A high-quality submersible pump and the necessary plumbing components are installed in the well. We provide the entire package installed. Finally, the well is flushed and the water quality is verified. If necessary, we can deliver a water sample to a laboratory for examination.<\/span><\/p><h3><span dir=\"auto\"><span data-teams=\"true\">Borewell <\/span>maintenance<\/span><\/h3><p><span dir=\"auto\">A well-made well will serve you for decades without constant maintenance. However, it is a good idea to check the condition of the system from time to time. We also offer separate\u00a0\u00a0<\/span><a title=\"Read more about borehole maintenance\" href=\"https:\/\/kyronlahdenporakaivo.fi\/porakaivon-huolto\/\"><span dir=\"auto\">well maintenance services<\/span><\/a><span dir=\"auto\">\u00a0to ensure the operation of your system for decades to come.<\/span><\/p><h3><span dir=\"auto\">Frequently asked questions about b<span data-teams=\"true\">orewells<\/span><\/span><\/h3><dl><dt><strong><span dir=\"auto\">How long does drilling take?<\/span><\/strong><\/dt><dd><span dir=\"auto\">Normally 1-2 business days.<\/span><\/dd><dt><strong><span dir=\"auto\">What if there is no water?<\/span><\/strong><\/dt><dd><span dir=\"auto\">This is extremely rare. An experienced driller will find water. If necessary, the water output can be improved mechanically. We always guarantee the agreed water output.<\/span><\/dd><dt><strong><span dir=\"auto\">Can an old ring well be replaced with a drilled well?<\/span><\/strong><\/dt><dd><span dir=\"auto\">Yes, and it is often done. It is a sure way to improve water quality and availability. A new b<span data-teams=\"true\">orewell <\/span>can be drilled near the old well.<\/span><\/dd><\/dl>\t\t\t\t\t\t\t\t<\/div>\n\t\t\t\t<\/div>\n\t\t\t\t\t<\/div>\n\t\t<\/div>\n\t\t\t\t\t<\/div>\n\t\t<\/section>\n\t\t\t\t<section class=\"elementor-section elementor-top-section elementor-element elementor-element-07adc80 elementor-section-boxed elementor-section-height-default elementor-section-height-default\" data-id=\"07adc80\" data-element_type=\"section\">\n\t\t\t\t\t\t<div class=\"elementor-container elementor-column-gap-default\">\n\t\t\t\t\t<div class=\"elementor-column elementor-col-100 elementor-top-column elementor-element elementor-element-166f523\" data-id=\"166f523\" data-element_type=\"column\">\n\t\t\t<div class=\"elementor-widget-wrap elementor-element-populated\">\n\t\t\t\t\t\t<div class=\"elementor-element elementor-element-3c8cb24 elementor-widget elementor-widget-spacer\" data-id=\"3c8cb24\" data-element_type=\"widget\" data-widget_type=\"spacer.default\">\n\t\t\t\t<div class=\"elementor-widget-container\">\n\t\t\t\t\t\t\t<div class=\"elementor-spacer\">\n\t\t\t<div class=\"elementor-spacer-inner\"><\/div>\n\t\t<\/div>\n\t\t\t\t\t\t<\/div>\n\t\t\t\t<\/div>\n\t\t\t\t\t<\/div>\n\t\t<\/div>\n\t\t\t\t\t<\/div>\n\t\t<\/section>\n\t\t\t\t<\/div>\n\t\t","protected":false},"excerpt":{"rendered":"<p>Drill well purchase Drill well\u00a0Contracting Purchasing a borewell starts with a phone call. When you call us, we will go over the basics of your property together. Before the actual offer, our professional almost always visits the site &#8211; and ensures that all stages of the drilling contract are successful according to the offer. The [&hellip;]<\/p>\n","protected":false},"author":38,"featured_media":0,"parent":0,"menu_order":0,"comment_status":"closed","ping_status":"closed","template":"elementor_header_footer","meta":{"_acf_changed":false,"footnotes":""},"class_list":["post-3680","page","type-page","status-publish","hentry"],"acf":[],"_links":{"self":[{"href":"https:\/\/kyronlahdenporakaivo.fi\/en\/wp-json\/wp\/v2\/pages\/3680","targetHints":{"allow":["GET"]}}],"collection":[{"href":"https:\/\/kyronlahdenporakaivo.fi\/en\/wp-json\/wp\/v2\/pages"}],"about":[{"href":"https:\/\/kyronlahdenporakaivo.fi\/en\/wp-json\/wp\/v2\/types\/page"}],"author":[{"embeddable":true,"href":"https:\/\/kyronlahdenporakaivo.fi\/en\/wp-json\/wp\/v2\/users\/38"}],"replies":[{"embeddable":true,"href":"https:\/\/kyronlahdenporakaivo.fi\/en\/wp-json\/wp\/v2\/comments?post=3680"}],"version-history":[{"count":24,"href":"https:\/\/kyronlahdenporakaivo.fi\/en\/wp-json\/wp\/v2\/pages\/3680\/revisions"}],"predecessor-version":[{"id":4437,"href":"https:\/\/kyronlahdenporakaivo.fi\/en\/wp-json\/wp\/v2\/pages\/3680\/revisions\/4437"}],"wp:attachment":[{"href":"https:\/\/kyronlahdenporakaivo.fi\/en\/wp-json\/wp\/v2\/media?parent=3680"}],"curies":[{"name":"wp","href":"https:\/\/api.w.org\/{rel}","templated":true}]}}